{"id":2871,"date":"2026-03-01T23:58:52","date_gmt":"2026-03-01T23:58:52","guid":{"rendered":"https:\/\/doblevdesignmuebles.com\/?page_id=2871"},"modified":"2026-03-02T01:21:30","modified_gmt":"2026-03-02T01:21:30","slug":"alquiler-de-productos","status":"publish","type":"page","link":"https:\/\/doblevdesignmuebles.com\/?page_id=2871","title":{"rendered":"ALQUILER DE PRODUCTOS"},"content":{"rendered":"\n<h2 class=\"wp-block-heading\">&#8211; Alquiler de productos para eventos &#8211;<\/h2>\n\n\n\n<p><b><i>Alquilamos sillas, bancos, mesas de vari<\/i><\/b><strong><em>as medidas, \u00a1manteles y mucho m\u00e1s!<\/em><\/strong><br><strong><em>Los productos son de madera plegables perfectas para cualquier evento, elegantes, c\u00f3modas y con un toque cl\u00e1sico que realza cualquier ocasi\u00f3n.<\/em><\/strong><br><strong><em>Ideales para bodas, cumplea\u00f1os, eventos familiares, empresariales, convenciones, despedidas de a\u00f1o, fiestas navide\u00f1as, baby shower, reuniones, catering etc.<br>Ofrecemos calidad impecable y un toque de elegancia en un estado perfecto. <\/em><\/strong><\/p>\n\n\n\n<p><strong><em>Realizamos la entrega y el retiro, el cliente solo abona la entrega.<br>Tomamos un saldo en concepto de garant\u00eda que ser\u00e1 reembolsado al cliente al momento del retiro de los productos. <\/em><\/strong><\/p>\n\n\n\n<p><strong><em>Para cotizar tu pedido de forma personalizada podes enviarnos: <\/em><\/strong><\/p>\n\n\n\n<ul class=\"wp-block-list\">\n<li><strong><em>Fecha de evento<\/em><\/strong><\/li>\n\n\n\n<li><strong><em>Zona o lugar de entrega<\/em><\/strong><\/li>\n\n\n\n<li><strong><em>Productos y cantidades<\/em><\/strong><\/li>\n<\/ul>\n\n\n\n<div class=\"wp-block-columns is-layout-flex wp-container-core-columns-is-layout-9d6595d7 wp-block-columns-is-layout-flex\">\n<div class=\"wp-block-column is-layout-flow wp-block-column-is-layout-flow\" style=\"flex-basis:100%\">\n<div class=\"wp-block-columns is-layout-flex wp-container-core-columns-is-layout-9d6595d7 wp-block-columns-is-layout-flex\">\n<div class=\"wp-block-column is-layout-flow wp-block-column-is-layout-flow\">\n<figure class=\"wp-block-image size-large\"><img loading=\"lazy\" decoding=\"async\" width=\"683\" height=\"1024\" src=\"https:\/\/doblevdesignmuebles.com\/wp-content\/uploads\/2026\/03\/ChatGPT-Image-1-mar-2026-09_26_58-p.m-3-683x1024.png\" alt=\"\" class=\"wp-image-2882\" srcset=\"https:\/\/doblevdesignmuebles.com\/wp-content\/uploads\/2026\/03\/ChatGPT-Image-1-mar-2026-09_26_58-p.m-3-683x1024.png 683w, https:\/\/doblevdesignmuebles.com\/wp-content\/uploads\/2026\/03\/ChatGPT-Image-1-mar-2026-09_26_58-p.m-3-200x300.png 200w, https:\/\/doblevdesignmuebles.com\/wp-content\/uploads\/2026\/03\/ChatGPT-Image-1-mar-2026-09_26_58-p.m-3-768x1152.png 768w, https:\/\/doblevdesignmuebles.com\/wp-content\/uploads\/2026\/03\/ChatGPT-Image-1-mar-2026-09_26_58-p.m-3.png 1024w\" sizes=\"auto, (max-width: 683px) 100vw, 683px\" \/><\/figure>\n<\/div>\n\n\n\n<div class=\"wp-block-column is-layout-flow wp-block-column-is-layout-flow\">\n<figure class=\"wp-block-image size-large\"><img loading=\"lazy\" decoding=\"async\" width=\"683\" height=\"1024\" src=\"https:\/\/doblevdesignmuebles.com\/wp-content\/uploads\/2026\/03\/ChatGPT-Image-1-mar-2026-09_26_34-p.m-3-683x1024.png\" alt=\"\" class=\"wp-image-2883\" srcset=\"https:\/\/doblevdesignmuebles.com\/wp-content\/uploads\/2026\/03\/ChatGPT-Image-1-mar-2026-09_26_34-p.m-3-683x1024.png 683w, https:\/\/doblevdesignmuebles.com\/wp-content\/uploads\/2026\/03\/ChatGPT-Image-1-mar-2026-09_26_34-p.m-3-200x300.png 200w, https:\/\/doblevdesignmuebles.com\/wp-content\/uploads\/2026\/03\/ChatGPT-Image-1-mar-2026-09_26_34-p.m-3-768x1152.png 768w, https:\/\/doblevdesignmuebles.com\/wp-content\/uploads\/2026\/03\/ChatGPT-Image-1-mar-2026-09_26_34-p.m-3.png 1024w\" sizes=\"auto, (max-width: 683px) 100vw, 683px\" \/><\/figure>\n<\/div>\n\n\n\n<div class=\"wp-block-column is-layout-flow wp-block-column-is-layout-flow\">\n<figure class=\"wp-block-image size-large\"><img loading=\"lazy\" decoding=\"async\" width=\"683\" height=\"1024\" src=\"https:\/\/doblevdesignmuebles.com\/wp-content\/uploads\/2026\/03\/ChatGPT-Image-1-mar-2026-09_25_42-p.m-683x1024.png\" alt=\"\" class=\"wp-image-2884\" srcset=\"https:\/\/doblevdesignmuebles.com\/wp-content\/uploads\/2026\/03\/ChatGPT-Image-1-mar-2026-09_25_42-p.m-683x1024.png 683w, https:\/\/doblevdesignmuebles.com\/wp-content\/uploads\/2026\/03\/ChatGPT-Image-1-mar-2026-09_25_42-p.m-200x300.png 200w, https:\/\/doblevdesignmuebles.com\/wp-content\/uploads\/2026\/03\/ChatGPT-Image-1-mar-2026-09_25_42-p.m-768x1152.png 768w, https:\/\/doblevdesignmuebles.com\/wp-content\/uploads\/2026\/03\/ChatGPT-Image-1-mar-2026-09_25_42-p.m.png 1024w\" sizes=\"auto, (max-width: 683px) 100vw, 683px\" \/><\/figure>\n<\/div>\n<\/div>\n<\/div>\n<\/div>\n\n\n\n<div class=\"wp-block-columns is-layout-flex wp-container-core-columns-is-layout-9d6595d7 wp-block-columns-is-layout-flex\">\n<div class=\"wp-block-column is-layout-flow wp-block-column-is-layout-flow\">\n<figure class=\"wp-block-image size-large\"><img loading=\"lazy\" decoding=\"async\" width=\"683\" height=\"1024\" src=\"https:\/\/doblevdesignmuebles.com\/wp-content\/uploads\/2026\/03\/ChatGPT-Image-1-mar-2026-09_17_24-p.m-683x1024.png\" alt=\"\" class=\"wp-image-2885\" srcset=\"https:\/\/doblevdesignmuebles.com\/wp-content\/uploads\/2026\/03\/ChatGPT-Image-1-mar-2026-09_17_24-p.m-683x1024.png 683w, https:\/\/doblevdesignmuebles.com\/wp-content\/uploads\/2026\/03\/ChatGPT-Image-1-mar-2026-09_17_24-p.m-200x300.png 200w, https:\/\/doblevdesignmuebles.com\/wp-content\/uploads\/2026\/03\/ChatGPT-Image-1-mar-2026-09_17_24-p.m-768x1152.png 768w, https:\/\/doblevdesignmuebles.com\/wp-content\/uploads\/2026\/03\/ChatGPT-Image-1-mar-2026-09_17_24-p.m.png 1024w\" sizes=\"auto, (max-width: 683px) 100vw, 683px\" \/><\/figure>\n<\/div>\n\n\n\n<div class=\"wp-block-column is-layout-flow wp-block-column-is-layout-flow\">\n<figure class=\"wp-block-image size-full\"><img loading=\"lazy\" decoding=\"async\" width=\"1024\" height=\"1536\" src=\"https:\/\/doblevdesignmuebles.com\/wp-content\/uploads\/2026\/03\/ChatGPT-Image-1-mar-2026-09_23_35-p.m.png\" alt=\"\" class=\"wp-image-2893\" srcset=\"https:\/\/doblevdesignmuebles.com\/wp-content\/uploads\/2026\/03\/ChatGPT-Image-1-mar-2026-09_23_35-p.m.png 1024w, https:\/\/doblevdesignmuebles.com\/wp-content\/uploads\/2026\/03\/ChatGPT-Image-1-mar-2026-09_23_35-p.m-200x300.png 200w, https:\/\/doblevdesignmuebles.com\/wp-content\/uploads\/2026\/03\/ChatGPT-Image-1-mar-2026-09_23_35-p.m-683x1024.png 683w, https:\/\/doblevdesignmuebles.com\/wp-content\/uploads\/2026\/03\/ChatGPT-Image-1-mar-2026-09_23_35-p.m-768x1152.png 768w\" sizes=\"auto, (max-width: 1024px) 100vw, 1024px\" \/><\/figure>\n<\/div>\n\n\n\n<div class=\"wp-block-column is-layout-flow wp-block-column-is-layout-flow\">\n<figure class=\"wp-block-image size-large\"><img loading=\"lazy\" decoding=\"async\" width=\"683\" height=\"1024\" src=\"https:\/\/doblevdesignmuebles.com\/wp-content\/uploads\/2026\/03\/ChatGPT-Image-1-mar-2026-09_17_18-p.m-683x1024.png\" alt=\"\" class=\"wp-image-2887\" srcset=\"https:\/\/doblevdesignmuebles.com\/wp-content\/uploads\/2026\/03\/ChatGPT-Image-1-mar-2026-09_17_18-p.m-683x1024.png 683w, https:\/\/doblevdesignmuebles.com\/wp-content\/uploads\/2026\/03\/ChatGPT-Image-1-mar-2026-09_17_18-p.m-200x300.png 200w, https:\/\/doblevdesignmuebles.com\/wp-content\/uploads\/2026\/03\/ChatGPT-Image-1-mar-2026-09_17_18-p.m-768x1152.png 768w, https:\/\/doblevdesignmuebles.com\/wp-content\/uploads\/2026\/03\/ChatGPT-Image-1-mar-2026-09_17_18-p.m.png 1024w\" sizes=\"auto, (max-width: 683px) 100vw, 683px\" \/><\/figure>\n<\/div>\n<\/div>\n\n\n\n<div class=\"wp-block-columns is-layout-flex wp-container-core-columns-is-layout-9d6595d7 wp-block-columns-is-layout-flex\">\n<div class=\"wp-block-column is-layout-flow wp-block-column-is-layout-flow\">\n<figure class=\"wp-block-image size-large\"><img loading=\"lazy\" decoding=\"async\" width=\"1024\" height=\"683\" src=\"https:\/\/doblevdesignmuebles.com\/wp-content\/uploads\/2026\/03\/ChatGPT-Image-1-mar-2026-09_24_12-p.m-1024x683.png\" alt=\"\" class=\"wp-image-2891\" srcset=\"https:\/\/doblevdesignmuebles.com\/wp-content\/uploads\/2026\/03\/ChatGPT-Image-1-mar-2026-09_24_12-p.m-1024x683.png 1024w, https:\/\/doblevdesignmuebles.com\/wp-content\/uploads\/2026\/03\/ChatGPT-Image-1-mar-2026-09_24_12-p.m-300x200.png 300w, https:\/\/doblevdesignmuebles.com\/wp-content\/uploads\/2026\/03\/ChatGPT-Image-1-mar-2026-09_24_12-p.m-768x512.png 768w, https:\/\/doblevdesignmuebles.com\/wp-content\/uploads\/2026\/03\/ChatGPT-Image-1-mar-2026-09_24_12-p.m.png 1536w\" sizes=\"auto, (max-width: 1024px) 100vw, 1024px\" \/><\/figure>\n<\/div>\n\n\n\n<div class=\"wp-block-column is-layout-flow wp-block-column-is-layout-flow\">\n<figure class=\"wp-block-image size-large\"><img loading=\"lazy\" decoding=\"async\" width=\"1024\" height=\"683\" src=\"https:\/\/doblevdesignmuebles.com\/wp-content\/uploads\/2026\/03\/ChatGPT-Image-1-mar-2026-09_23_56-p.m-1024x683.png\" alt=\"\" class=\"wp-image-2892\" srcset=\"https:\/\/doblevdesignmuebles.com\/wp-content\/uploads\/2026\/03\/ChatGPT-Image-1-mar-2026-09_23_56-p.m-1024x683.png 1024w, https:\/\/doblevdesignmuebles.com\/wp-content\/uploads\/2026\/03\/ChatGPT-Image-1-mar-2026-09_23_56-p.m-300x200.png 300w, https:\/\/doblevdesignmuebles.com\/wp-content\/uploads\/2026\/03\/ChatGPT-Image-1-mar-2026-09_23_56-p.m-768x512.png 768w, https:\/\/doblevdesignmuebles.com\/wp-content\/uploads\/2026\/03\/ChatGPT-Image-1-mar-2026-09_23_56-p.m.png 1536w\" sizes=\"auto, (max-width: 1024px) 100vw, 1024px\" \/><\/figure>\n<\/div>\n<\/div>\n\n\n\n<div class=\"wp-block-columns is-layout-flex wp-container-core-columns-is-layout-9d6595d7 wp-block-columns-is-layout-flex\">\n<div class=\"wp-block-column is-layout-flow wp-block-column-is-layout-flow\">\n<figure class=\"wp-block-image size-large\"><img loading=\"lazy\" decoding=\"async\" width=\"1024\" height=\"683\" src=\"https:\/\/doblevdesignmuebles.com\/wp-content\/uploads\/2026\/03\/ChatGPT-Image-1-mar-2026-09_21_54-p.m-1024x683.png\" alt=\"\" class=\"wp-image-2894\" srcset=\"https:\/\/doblevdesignmuebles.com\/wp-content\/uploads\/2026\/03\/ChatGPT-Image-1-mar-2026-09_21_54-p.m-1024x683.png 1024w, https:\/\/doblevdesignmuebles.com\/wp-content\/uploads\/2026\/03\/ChatGPT-Image-1-mar-2026-09_21_54-p.m-300x200.png 300w, https:\/\/doblevdesignmuebles.com\/wp-content\/uploads\/2026\/03\/ChatGPT-Image-1-mar-2026-09_21_54-p.m-768x512.png 768w, https:\/\/doblevdesignmuebles.com\/wp-content\/uploads\/2026\/03\/ChatGPT-Image-1-mar-2026-09_21_54-p.m.png 1536w\" sizes=\"auto, (max-width: 1024px) 100vw, 1024px\" \/><\/figure>\n<\/div>\n\n\n\n<div class=\"wp-block-column is-layout-flow wp-block-column-is-layout-flow\">\n<figure class=\"wp-block-image size-large\"><img loading=\"lazy\" decoding=\"async\" width=\"1024\" height=\"683\" src=\"https:\/\/doblevdesignmuebles.com\/wp-content\/uploads\/2026\/03\/ChatGPT-Image-1-mar-2026-09_22_06-p.m-1024x683.png\" alt=\"\" class=\"wp-image-2895\" srcset=\"https:\/\/doblevdesignmuebles.com\/wp-content\/uploads\/2026\/03\/ChatGPT-Image-1-mar-2026-09_22_06-p.m-1024x683.png 1024w, https:\/\/doblevdesignmuebles.com\/wp-content\/uploads\/2026\/03\/ChatGPT-Image-1-mar-2026-09_22_06-p.m-300x200.png 300w, https:\/\/doblevdesignmuebles.com\/wp-content\/uploads\/2026\/03\/ChatGPT-Image-1-mar-2026-09_22_06-p.m-768x512.png 768w, https:\/\/doblevdesignmuebles.com\/wp-content\/uploads\/2026\/03\/ChatGPT-Image-1-mar-2026-09_22_06-p.m.png 1536w\" sizes=\"auto, (max-width: 1024px) 100vw, 1024px\" \/><\/figure>\n<\/div>\n<\/div>\n\n\n\n<div class=\"wp-block-columns is-layout-flex wp-container-core-columns-is-layout-9d6595d7 wp-block-columns-is-layout-flex\">\n<div class=\"wp-block-column is-layout-flow wp-block-column-is-layout-flow\">\n<figure class=\"wp-block-image size-full\"><img loading=\"lazy\" decoding=\"async\" width=\"1024\" height=\"1024\" src=\"https:\/\/doblevdesignmuebles.com\/wp-content\/uploads\/2026\/03\/ChatGPT-Image-1-mar-2026-09_19_51-p.m-1.png\" alt=\"\" class=\"wp-image-2896\" srcset=\"https:\/\/doblevdesignmuebles.com\/wp-content\/uploads\/2026\/03\/ChatGPT-Image-1-mar-2026-09_19_51-p.m-1.png 1024w, https:\/\/doblevdesignmuebles.com\/wp-content\/uploads\/2026\/03\/ChatGPT-Image-1-mar-2026-09_19_51-p.m-1-300x300.png 300w, https:\/\/doblevdesignmuebles.com\/wp-content\/uploads\/2026\/03\/ChatGPT-Image-1-mar-2026-09_19_51-p.m-1-150x150.png 150w, https:\/\/doblevdesignmuebles.com\/wp-content\/uploads\/2026\/03\/ChatGPT-Image-1-mar-2026-09_19_51-p.m-1-768x768.png 768w, https:\/\/doblevdesignmuebles.com\/wp-content\/uploads\/2026\/03\/ChatGPT-Image-1-mar-2026-09_19_51-p.m-1-100x100.png 100w\" sizes=\"auto, (max-width: 1024px) 100vw, 1024px\" \/><\/figure>\n<\/div>\n\n\n\n<div class=\"wp-block-column is-layout-flow wp-block-column-is-layout-flow\">\n<figure class=\"wp-block-image size-full\"><img loading=\"lazy\" decoding=\"async\" width=\"1024\" height=\"1024\" src=\"https:\/\/doblevdesignmuebles.com\/wp-content\/uploads\/2026\/03\/ChatGPT-Image-1-mar-2026-09_18_50-p.m.png\" alt=\"\" class=\"wp-image-2897\" srcset=\"https:\/\/doblevdesignmuebles.com\/wp-content\/uploads\/2026\/03\/ChatGPT-Image-1-mar-2026-09_18_50-p.m.png 1024w, https:\/\/doblevdesignmuebles.com\/wp-content\/uploads\/2026\/03\/ChatGPT-Image-1-mar-2026-09_18_50-p.m-300x300.png 300w, https:\/\/doblevdesignmuebles.com\/wp-content\/uploads\/2026\/03\/ChatGPT-Image-1-mar-2026-09_18_50-p.m-150x150.png 150w, https:\/\/doblevdesignmuebles.com\/wp-content\/uploads\/2026\/03\/ChatGPT-Image-1-mar-2026-09_18_50-p.m-768x768.png 768w, https:\/\/doblevdesignmuebles.com\/wp-content\/uploads\/2026\/03\/ChatGPT-Image-1-mar-2026-09_18_50-p.m-100x100.png 100w\" sizes=\"auto, (max-width: 1024px) 100vw, 1024px\" \/><\/figure>\n<\/div>\n<\/div>\n\n\n\n<div class=\"wp-block-columns is-layout-flex wp-container-core-columns-is-layout-9d6595d7 wp-block-columns-is-layout-flex\">\n<div class=\"wp-block-column is-layout-flow wp-block-column-is-layout-flow\">\n<figure class=\"wp-block-image size-large\"><img loading=\"lazy\" decoding=\"async\" width=\"1024\" height=\"683\" src=\"https:\/\/doblevdesignmuebles.com\/wp-content\/uploads\/2026\/03\/IMG-20260226-WA00101-1024x683.jpg\" alt=\"\" class=\"wp-image-2898\" srcset=\"https:\/\/doblevdesignmuebles.com\/wp-content\/uploads\/2026\/03\/IMG-20260226-WA00101-1024x683.jpg 1024w, https:\/\/doblevdesignmuebles.com\/wp-content\/uploads\/2026\/03\/IMG-20260226-WA00101-300x200.jpg 300w, https:\/\/doblevdesignmuebles.com\/wp-content\/uploads\/2026\/03\/IMG-20260226-WA00101-768x512.jpg 768w, https:\/\/doblevdesignmuebles.com\/wp-content\/uploads\/2026\/03\/IMG-20260226-WA00101.jpg 1536w\" sizes=\"auto, (max-width: 1024px) 100vw, 1024px\" \/><\/figure>\n<\/div>\n\n\n\n<div class=\"wp-block-column is-layout-flow wp-block-column-is-layout-flow\">\n<figure class=\"wp-block-image size-full\"><img loading=\"lazy\" decoding=\"async\" width=\"1024\" height=\"1024\" src=\"https:\/\/doblevdesignmuebles.com\/wp-content\/uploads\/2026\/03\/ChatGPT-Image-1-mar-2026-10_31_07-p.m.png\" alt=\"\" class=\"wp-image-2899\" srcset=\"https:\/\/doblevdesignmuebles.com\/wp-content\/uploads\/2026\/03\/ChatGPT-Image-1-mar-2026-10_31_07-p.m.png 1024w, https:\/\/doblevdesignmuebles.com\/wp-content\/uploads\/2026\/03\/ChatGPT-Image-1-mar-2026-10_31_07-p.m-300x300.png 300w, https:\/\/doblevdesignmuebles.com\/wp-content\/uploads\/2026\/03\/ChatGPT-Image-1-mar-2026-10_31_07-p.m-150x150.png 150w, https:\/\/doblevdesignmuebles.com\/wp-content\/uploads\/2026\/03\/ChatGPT-Image-1-mar-2026-10_31_07-p.m-768x768.png 768w, https:\/\/doblevdesignmuebles.com\/wp-content\/uploads\/2026\/03\/ChatGPT-Image-1-mar-2026-10_31_07-p.m-100x100.png 100w\" sizes=\"auto, (max-width: 1024px) 100vw, 1024px\" \/><\/figure>\n<\/div>\n<\/div>\n\n\n\n<p><\/p>\n","protected":false},"excerpt":{"rendered":"<p>&#8211; Alquiler de productos para eventos &#8211; Alquilamos sillas, bancos, mesas de varias medidas, \u00a1manteles y mucho m\u00e1s!Los productos son de madera plegables perfectas para cualquier evento, elegantes, c\u00f3modas y con un toque cl\u00e1sico que realza cualquier ocasi\u00f3n.Ideales para bodas, cumplea\u00f1os, eventos familiares, empresariales, convenciones, despedidas de a\u00f1o, fiestas navide\u00f1as, baby shower, reuniones, catering etc.Ofrecemos [&hellip;]<\/p>\n","protected":false},"author":1,"featured_media":0,"parent":0,"menu_order":0,"comment_status":"closed","ping_status":"closed","template":"","meta":{"_joinchat":[],"footnotes":""},"class_list":["post-2871","page","type-page","status-publish","hentry"],"_links":{"self":[{"href":"https:\/\/doblevdesignmuebles.com\/index.php?rest_route=\/wp\/v2\/pages\/2871","targetHints":{"allow":["GET"]}}],"collection":[{"href":"https:\/\/doblevdesignmuebles.com\/index.php?rest_route=\/wp\/v2\/pages"}],"about":[{"href":"https:\/\/doblevdesignmuebles.com\/index.php?rest_route=\/wp\/v2\/types\/page"}],"author":[{"embeddable":true,"href":"https:\/\/doblevdesignmuebles.com\/index.php?rest_route=\/wp\/v2\/users\/1"}],"replies":[{"embeddable":true,"href":"https:\/\/doblevdesignmuebles.com\/index.php?rest_route=%2Fwp%2Fv2%2Fcomments&post=2871"}],"version-history":[{"count":3,"href":"https:\/\/doblevdesignmuebles.com\/index.php?rest_route=\/wp\/v2\/pages\/2871\/revisions"}],"predecessor-version":[{"id":2900,"href":"https:\/\/doblevdesignmuebles.com\/index.php?rest_route=\/wp\/v2\/pages\/2871\/revisions\/2900"}],"wp:attachment":[{"href":"https:\/\/doblevdesignmuebles.com\/index.php?rest_route=%2Fwp%2Fv2%2Fmedia&parent=2871"}],"curies":[{"name":"wp","href":"https:\/\/api.w.org\/{rel}","templated":true}]}}