{"id":45,"date":"2020-10-08T14:09:45","date_gmt":"2020-10-08T14:09:45","guid":{"rendered":"http:\/\/doblevdesignmuebles.com\/?page_id=45"},"modified":"2025-09-28T03:16:16","modified_gmt":"2025-09-28T03:16:16","slug":"inicio-en-construccion","status":"publish","type":"page","link":"https:\/\/doblevdesignmuebles.com\/","title":{"rendered":"INICIO"},"content":{"rendered":"\n<h3 class=\"wp-block-heading has-text-align-center\"><em><strong>DobleV Design Muebles<\/strong> &#8211; <\/em>F\u00e1brica de mesas y sillas plegables en madera<\/h3>\n\n\n\n<p><\/p>\n\n\n<div class=\"wp-block-image is-resized\">\n<figure class=\"aligncenter size-large\"><img loading=\"lazy\" decoding=\"async\" width=\"768\" height=\"1024\" src=\"https:\/\/doblevdesignmuebles.com\/wp-content\/uploads\/2025\/09\/IMG-20250907-WA00151-768x1024.jpg\" alt=\"\" class=\"wp-image-2834\" srcset=\"https:\/\/doblevdesignmuebles.com\/wp-content\/uploads\/2025\/09\/IMG-20250907-WA00151-768x1024.jpg 768w, https:\/\/doblevdesignmuebles.com\/wp-content\/uploads\/2025\/09\/IMG-20250907-WA00151-225x300.jpg 225w, https:\/\/doblevdesignmuebles.com\/wp-content\/uploads\/2025\/09\/IMG-20250907-WA00151.jpg 780w\" sizes=\"auto, (max-width: 768px) 100vw, 768px\" \/><figcaption class=\"wp-element-caption\">Doblev Design<\/figcaption><\/figure><\/div>\n\n\n<p><\/p>\n\n\n\n<p><\/p>\n\n\n\n<p>Somos una&nbsp;<strong>empresa familiar<\/strong>&nbsp;con m\u00e1s de 10 a\u00f1os en el rubro, dedicada al&nbsp;<strong>dise\u00f1o y fabricaci\u00f3n<\/strong>&nbsp;de muebles plegables de madera para equipamiento mobiliario de bares, restaurantes, muebles de jard\u00edn, balcones, terrazas, etc.<\/p>\n\n\n\n<p>Controlamos y damos especial atenci\u00f3n a la calidad de nuestros productos los cuales son fabricados con materias primas de&nbsp;<strong>alta calidad<\/strong>. <br>Realizamos un trabajo art\u00edstico detallado en todas nuestras l\u00edneas de muebles plegables.<br><br>Estamos ubicados en Berazategui &#8211; Buenos Aires, pero <strong>realizamos env\u00edos por distintos transportes a todo el pa\u00eds. <\/strong><\/p>\n\n\n\n<p>Cont\u00e1ctanos y recibir\u00e1s&nbsp;<strong>asesoramiento personalizado<\/strong>.<\/p>\n\n\n\n<p><\/p>\n\n\n\n<p class=\"has-text-align-center\"><strong>Mira nuestros productos destacados:<\/strong><\/p>\n\n\n\n<p><\/p>\n\n\n\n<figure class=\"wp-block-gallery has-nested-images columns-default is-cropped wp-block-gallery-1 is-layout-flex wp-block-gallery-is-layout-flex\">\n<figure class=\"wp-block-image size-large\"><img loading=\"lazy\" decoding=\"async\" width=\"1024\" height=\"768\" data-id=\"2835\" src=\"https:\/\/doblevdesignmuebles.com\/wp-content\/uploads\/2025\/09\/IMG-20250818-WA00241-1024x768.jpg\" alt=\"\" class=\"wp-image-2835\" srcset=\"https:\/\/doblevdesignmuebles.com\/wp-content\/uploads\/2025\/09\/IMG-20250818-WA00241-1024x768.jpg 1024w, https:\/\/doblevdesignmuebles.com\/wp-content\/uploads\/2025\/09\/IMG-20250818-WA00241-300x225.jpg 300w, https:\/\/doblevdesignmuebles.com\/wp-content\/uploads\/2025\/09\/IMG-20250818-WA00241-768x576.jpg 768w, https:\/\/doblevdesignmuebles.com\/wp-content\/uploads\/2025\/09\/IMG-20250818-WA00241.jpg 1040w\" sizes=\"auto, (max-width: 1024px) 100vw, 1024px\" \/><figcaption class=\"wp-element-caption\">Doblev Design<\/figcaption><\/figure>\n\n\n\n<figure class=\"wp-block-image size-large\"><img loading=\"lazy\" decoding=\"async\" width=\"1040\" height=\"780\" data-id=\"648\" src=\"https:\/\/doblevdesignmuebles.com\/wp-content\/uploads\/2022\/02\/IMG-20210525-WA00132.jpg\" alt=\"\" class=\"wp-image-648\"\/><figcaption class=\"wp-element-caption\">Doblev Design<\/figcaption><\/figure>\n\n\n\n<figure class=\"wp-block-image size-large\"><img loading=\"lazy\" decoding=\"async\" width=\"1024\" height=\"768\" data-id=\"2836\" src=\"https:\/\/doblevdesignmuebles.com\/wp-content\/uploads\/2025\/09\/IMG-20250904-WA00171-1024x768.jpg\" alt=\"\" class=\"wp-image-2836\" srcset=\"https:\/\/doblevdesignmuebles.com\/wp-content\/uploads\/2025\/09\/IMG-20250904-WA00171-1024x768.jpg 1024w, https:\/\/doblevdesignmuebles.com\/wp-content\/uploads\/2025\/09\/IMG-20250904-WA00171-300x225.jpg 300w, https:\/\/doblevdesignmuebles.com\/wp-content\/uploads\/2025\/09\/IMG-20250904-WA00171-768x576.jpg 768w, https:\/\/doblevdesignmuebles.com\/wp-content\/uploads\/2025\/09\/IMG-20250904-WA00171-1536x1152.jpg 1536w, https:\/\/doblevdesignmuebles.com\/wp-content\/uploads\/2025\/09\/IMG-20250904-WA00171.jpg 1600w\" sizes=\"auto, (max-width: 1024px) 100vw, 1024px\" \/><figcaption class=\"wp-element-caption\">Doblev Design<\/figcaption><\/figure>\n\n\n\n<figure class=\"wp-block-image size-large is-style-default\"><img loading=\"lazy\" decoding=\"async\" width=\"1024\" height=\"771\" data-id=\"2839\" src=\"https:\/\/doblevdesignmuebles.com\/wp-content\/uploads\/2025\/09\/IMG-20250906-WA00131-1024x771.jpg\" alt=\"\" class=\"wp-image-2839\" srcset=\"https:\/\/doblevdesignmuebles.com\/wp-content\/uploads\/2025\/09\/IMG-20250906-WA00131-1024x771.jpg 1024w, https:\/\/doblevdesignmuebles.com\/wp-content\/uploads\/2025\/09\/IMG-20250906-WA00131-300x226.jpg 300w, https:\/\/doblevdesignmuebles.com\/wp-content\/uploads\/2025\/09\/IMG-20250906-WA00131-768x578.jpg 768w, https:\/\/doblevdesignmuebles.com\/wp-content\/uploads\/2025\/09\/IMG-20250906-WA00131-1536x1156.jpg 1536w, https:\/\/doblevdesignmuebles.com\/wp-content\/uploads\/2025\/09\/IMG-20250906-WA00131.jpg 1600w\" sizes=\"auto, (max-width: 1024px) 100vw, 1024px\" \/><figcaption class=\"wp-element-caption\">Doblev Design<\/figcaption><\/figure>\n\n\n\n<figure class=\"wp-block-image size-large\"><img loading=\"lazy\" decoding=\"async\" width=\"1024\" height=\"768\" data-id=\"2845\" src=\"https:\/\/doblevdesignmuebles.com\/wp-content\/uploads\/2025\/09\/IMG-20250907-WA00321-1024x768.jpg\" alt=\"\" class=\"wp-image-2845\" srcset=\"https:\/\/doblevdesignmuebles.com\/wp-content\/uploads\/2025\/09\/IMG-20250907-WA00321-1024x768.jpg 1024w, https:\/\/doblevdesignmuebles.com\/wp-content\/uploads\/2025\/09\/IMG-20250907-WA00321-300x225.jpg 300w, https:\/\/doblevdesignmuebles.com\/wp-content\/uploads\/2025\/09\/IMG-20250907-WA00321-768x576.jpg 768w, https:\/\/doblevdesignmuebles.com\/wp-content\/uploads\/2025\/09\/IMG-20250907-WA00321-1536x1152.jpg 1536w, https:\/\/doblevdesignmuebles.com\/wp-content\/uploads\/2025\/09\/IMG-20250907-WA00321.jpg 1600w\" sizes=\"auto, (max-width: 1024px) 100vw, 1024px\" \/><figcaption class=\"wp-element-caption\">Doblev Design<\/figcaption><\/figure>\n\n\n\n<figure class=\"wp-block-image size-large\"><img loading=\"lazy\" decoding=\"async\" width=\"1024\" height=\"765\" data-id=\"2846\" src=\"https:\/\/doblevdesignmuebles.com\/wp-content\/uploads\/2025\/09\/IMG-20250907-WA00701-1024x765.jpg\" alt=\"\" class=\"wp-image-2846\" srcset=\"https:\/\/doblevdesignmuebles.com\/wp-content\/uploads\/2025\/09\/IMG-20250907-WA00701-1024x765.jpg 1024w, https:\/\/doblevdesignmuebles.com\/wp-content\/uploads\/2025\/09\/IMG-20250907-WA00701-300x224.jpg 300w, https:\/\/doblevdesignmuebles.com\/wp-content\/uploads\/2025\/09\/IMG-20250907-WA00701-768x574.jpg 768w, https:\/\/doblevdesignmuebles.com\/wp-content\/uploads\/2025\/09\/IMG-20250907-WA00701.jpg 1242w\" sizes=\"auto, (max-width: 1024px) 100vw, 1024px\" \/><figcaption class=\"wp-element-caption\">Doblev Design<\/figcaption><\/figure>\n<\/figure>\n\n\n\n<p><\/p>\n\n\n\n<h2 class=\"wp-block-heading\">Testimonios de Clientes: <\/h2>\n\n\n\n<blockquote class=\"wp-block-quote is-style-large is-layout-flow wp-block-quote-is-layout-flow\">\n<h2 class=\"wp-block-heading\"><br><\/h2>\n<cite><em>&#8220;Es m\u00e1s de lo que esperaba. El laqueado es hermoso, la voy a disfrutar en mi balc\u00f3n&#8221; <\/em><br><em><br>&#8211; &#8220;Muy buena atenci\u00f3n, contesto r\u00e1pido y realizo todo en tiempo y forma&#8221;<\/em><br><br><em>&#8211; &#8220;Hermosa mesa!! Vendedores atentos, cumplieron con el tiempo pactado de env\u00edo. \u00a1\u00a1Muchas gracias!!&#8221;<\/em><br><em><br>&#8211; &#8220;Muy hermosa la mesita y sillas, fuertes y practicas!! Muchas gracias&#8221;<\/em><br><br>   <\/cite><\/blockquote>\n\n\n\n<p><\/p>\n\n\n\n<h2 class=\"wp-block-heading has-text-align-center\">Env\u00edos a todo el pa\u00eds<\/h2>\n\n\n\n<figure class=\"wp-block-image size-large is-resized\"><img loading=\"lazy\" decoding=\"async\" width=\"512\" height=\"512\" src=\"https:\/\/doblevdesignmuebles.com\/wp-content\/uploads\/2020\/10\/rastreo.20f778f2.png\" alt=\"\" class=\"wp-image-83\" srcset=\"https:\/\/doblevdesignmuebles.com\/wp-content\/uploads\/2020\/10\/rastreo.20f778f2.png 512w, https:\/\/doblevdesignmuebles.com\/wp-content\/uploads\/2020\/10\/rastreo.20f778f2-300x300.png 300w, https:\/\/doblevdesignmuebles.com\/wp-content\/uploads\/2020\/10\/rastreo.20f778f2-150x150.png 150w\" sizes=\"auto, (max-width: 512px) 100vw, 512px\" \/><\/figure>\n","protected":false},"excerpt":{"rendered":"<p>DobleV Design Muebles &#8211; F\u00e1brica de mesas y sillas plegables en madera Somos una&nbsp;empresa familiar&nbsp;con m\u00e1s de 10 a\u00f1os en el rubro, dedicada al&nbsp;dise\u00f1o y fabricaci\u00f3n&nbsp;de muebles plegables de madera para equipamiento mobiliario de bares, restaurantes, muebles de jard\u00edn, balcones, terrazas, etc. Controlamos y damos especial atenci\u00f3n a la calidad de nuestros productos los cuales [&hellip;]<\/p>\n","protected":false},"author":1,"featured_media":0,"parent":0,"menu_order":0,"comment_status":"closed","ping_status":"closed","template":"","meta":{"_joinchat":[],"footnotes":""},"class_list":["post-45","page","type-page","status-publish","hentry"],"_links":{"self":[{"href":"https:\/\/doblevdesignmuebles.com\/index.php?rest_route=\/wp\/v2\/pages\/45","targetHints":{"allow":["GET"]}}],"collection":[{"href":"https:\/\/doblevdesignmuebles.com\/index.php?rest_route=\/wp\/v2\/pages"}],"about":[{"href":"https:\/\/doblevdesignmuebles.com\/index.php?rest_route=\/wp\/v2\/types\/page"}],"author":[{"embeddable":true,"href":"https:\/\/doblevdesignmuebles.com\/index.php?rest_route=\/wp\/v2\/users\/1"}],"replies":[{"embeddable":true,"href":"https:\/\/doblevdesignmuebles.com\/index.php?rest_route=%2Fwp%2Fv2%2Fcomments&post=45"}],"version-history":[{"count":33,"href":"https:\/\/doblevdesignmuebles.com\/index.php?rest_route=\/wp\/v2\/pages\/45\/revisions"}],"predecessor-version":[{"id":2848,"href":"https:\/\/doblevdesignmuebles.com\/index.php?rest_route=\/wp\/v2\/pages\/45\/revisions\/2848"}],"wp:attachment":[{"href":"https:\/\/doblevdesignmuebles.com\/index.php?rest_route=%2Fwp%2Fv2%2Fmedia&parent=45"}],"curies":[{"name":"wp","href":"https:\/\/api.w.org\/{rel}","templated":true}]}}